

{"id":6729,"date":"2023-09-20T09:51:42","date_gmt":"2023-09-20T12:51:42","guid":{"rendered":"https:\/\/ods.uai.cl\/?page_id=6729"},"modified":"2023-10-23T13:03:23","modified_gmt":"2023-10-23T16:03:23","slug":"glosario","status":"publish","type":"page","link":"https:\/\/ods.uai.cl\/es\/glosario\/","title":{"rendered":"Glosario"},"content":{"rendered":"\t\t<div data-elementor-type=\"wp-page\" data-elementor-id=\"6729\" class=\"elementor elementor-6729\">\n\t\t\t\t\t\t\t\t\t<section class=\"elementor-section elementor-top-section elementor-element elementor-element-b83ff2d ot-traditional elementor-section-boxed elementor-section-height-default elementor-section-height-default\" data-id=\"b83ff2d\" data-element_type=\"section\">\n\t\t\t\t\t\t<div class=\"elementor-container elementor-column-gap-default\">\n\t\t\t\t\t<div class=\"elementor-column elementor-col-100 elementor-top-column elementor-element elementor-element-8e63a52 ot-flex-column-vertical\" data-id=\"8e63a52\" data-element_type=\"column\">\n\t\t\t<div class=\"elementor-widget-wrap elementor-element-populated\">\n\t\t\t\t\t\t\t\t<div class=\"elementor-element elementor-element-f2861de elementor-widget elementor-widget-spacer\" data-id=\"f2861de\" data-element_type=\"widget\" data-widget_type=\"spacer.default\">\n\t\t\t\t<div class=\"elementor-widget-container\">\n\t\t\t\t\t<div class=\"elementor-spacer\">\n\t\t\t<div class=\"elementor-spacer-inner\"><\/div>\n\t\t<\/div>\n\t\t\t\t<\/div>\n\t\t\t\t<\/div>\n\t\t\t\t<div class=\"elementor-element elementor-element-bf4adef elementor-widget elementor-widget-iheading\" data-id=\"bf4adef\" data-element_type=\"widget\" data-widget_type=\"iheading.default\">\n\t\t\t\t<div class=\"elementor-widget-container\">\n\t\t\t\t\t<div class=\"ot-heading\">\r\n\t        \t            <span>\/\/ GLOSARIO<\/span>\r\n\t        <h2 class=\"main-heading\"> Repositorio de herramientas de Objetivos de Desarrollo Sostenible (ODS) para la filantrop\u00eda.<\/h2>\t    <\/div>\r\n\t    \t\t<\/div>\n\t\t\t\t<\/div>\n\t\t\t\t<div class=\"elementor-element elementor-element-0b9696a elementor-widget-divider--view-line elementor-widget elementor-widget-divider\" data-id=\"0b9696a\" data-element_type=\"widget\" data-widget_type=\"divider.default\">\n\t\t\t\t<div class=\"elementor-widget-container\">\n\t\t\t\t\t<div class=\"elementor-divider\">\n\t\t\t<span class=\"elementor-divider-separator\">\n\t\t\t\t\t\t<\/span>\n\t\t<\/div>\n\t\t\t\t<\/div>\n\t\t\t\t<\/div>\n\t\t\t\t<div class=\"elementor-element elementor-element-7310bd2 elementor-widget elementor-widget-spacer\" data-id=\"7310bd2\" data-element_type=\"widget\" data-widget_type=\"spacer.default\">\n\t\t\t\t<div class=\"elementor-widget-container\">\n\t\t\t\t\t<div class=\"elementor-spacer\">\n\t\t\t<div class=\"elementor-spacer-inner\"><\/div>\n\t\t<\/div>\n\t\t\t\t<\/div>\n\t\t\t\t<\/div>\n\t\t\t\t<div class=\"elementor-element elementor-element-ee54641 elementor-widget elementor-widget-iaccordions\" data-id=\"ee54641\" data-element_type=\"widget\" data-widget_type=\"iaccordions.default\">\n\t\t\t\t<div class=\"elementor-widget-container\">\n\t\t\t\r\n\t\t<div class=\"ot-accordions\">\r\n\t\t\t\t\t\t<div class=\"acc-item\">\r\n\t\t\t\t<span class=\"acc-toggle\">Acciones <i class=\"down flaticon-download-arrow\"><\/i><i class=\"up flaticon-up-arrow\"><\/i><\/span>\r\n\t\t\t\t<div class=\"acc-content\">\r\n\t\t\t\t\t<strong>En la secci\u00f3n \"Acciones\" de nuestra p\u00e1gina web, descubrir\u00e1s una amplia gama de actividades esenciales para impulsar la Agenda 2030 de manera efectiva en tu organizaci\u00f3n. Entre ellas se encuentran acciones de adopci\u00f3n interna de la Agenda 2030 (diagnosticar, planear, implementar y comunicar); promoci\u00f3n de la agenda a trav\u00e9s del apoyo financiero y no financiero a organizaciones (financiar, fortalecer); movilizaci\u00f3n de la agenda entre diversos actores (articular, convocar e incidir).<\/strong>\n<ul>\n \t<li style=\"list-style-type: none;\">\n<ul>\n \t<li><strong>Sensibilizar<\/strong>: se refiere a las campa\u00f1as, foros o seminarios realizadas por las OF para difundir, dar a conocer los ODS y motivar a diferentes actores (OSC, empresas, academia o gobiernos) a trabajar en el marco de la Agenda 2030.<\/li>\n \t<li><strong>Convocar<\/strong>: se refiere a las convocatorias de la OF a otros actores (OSC, empresas, academia o gobiernos) para deliberar y reflexionar conjuntamente sobre posibles acciones y proyectos en torno a la Agenda 2030.<\/li>\n \t<li><strong>Diagnosticar<\/strong>: se refiere a las actividades realizadas por las OF para analizar o diagnosticar sus propios programas o para mapear la situaci\u00f3n de los territorios en relaci\u00f3n a problemas, programas o actores, teniendo como marco los ODS.<\/li>\n \t<li><strong>Planear (o dise\u00f1o)<\/strong>: se refiere a la incorporaci\u00f3n de los ODS por parte de la OF en el dise\u00f1o de su estrategia, planes y programas o a la facilitaci\u00f3n que hace la OF para dise\u00f1ar los planes territoriales en los cuales se incorporan las metas e indicadores de los ODS.<\/li>\n \t<li><strong>Implementar<\/strong>: se refiere a la ejecuci\u00f3n de proyectos o programas propios de la OF o a la participaci\u00f3n de programas colaborativos orientados a avanzar uno o m\u00e1s ODS en el territorio.<\/li>\n \t<li><strong>Articular<\/strong>: se refiera a la coordinaci\u00f3n por parte de la OF de iniciativas, programas, proyectos o actividades orientadas a avanzar en una o m\u00e1s metas de los ODS, realizadas por m\u00faltiples actores ya sean de un mismo sector (OSC) o de diversos sectores (OSC, empresas, gobiernos)<\/li>\n \t<li><strong>Inversi\u00f3n Social<\/strong>: se refiere a los procesos de convocatoria o entrega directa de donativos, o de otras formas de transferencia de recursos (pr\u00e9stamos) realizados por las OF para apoyar con recursos financieros proyectos e iniciativas orientadas a avanzar en uno o m\u00e1s ODS.<\/li>\n \t<li><strong>Fortalecimiento organizacional<\/strong>: se refiere a las actividades de capacitaci\u00f3n, acompa\u00f1amiento y producci\u00f3n de materiales y herramienta realizadas por OF, orientadas a formar OSC, empresas o gobiernos para que tener la capacidad de trabajar con los ODS.<\/li>\n \t<li><strong>Incidir<\/strong>: se refiere a las actividades de las OF para incidir en los gobiernos locales, regionales o nacionales para que incorporen el uso de los ODS en las pol\u00edticas p\u00fablicas, planes de desarrollo o reportes. La participaci\u00f3n en los \u00f3rganos de planeaci\u00f3n y seguimiento creados por los gobiernos locales o nacionales tambi\u00e9n puede entrar en esta funci\u00f3n.<\/li>\n \t<li><strong>Medir<\/strong>: se refiere a los procesos de medici\u00f3n o evaluaci\u00f3n de los avances de los programas de la OF o la creaci\u00f3n de sistemas de informaci\u00f3n por parte de la OF para que los actores del territorio cuenten con la informaci\u00f3n sobre los avances de los indicadores y metas de los ODS.<\/li>\n \t<li><strong>Reportar<\/strong>: se refiere a los procesos de reporte de los avances de los programas de las OF o de los avances en el territorio realizados por la OF, utilizando los indicadores y metas de los ODS como referencia.<\/li>\n<\/ul>\n<\/li>\n<\/ul>\t\t\t\t<\/div>\r\n\t\t\t<\/div>\r\n\t\t\t\t\t\t<div class=\"acc-item\">\r\n\t\t\t\t<span class=\"acc-toggle\">Tipo de contenido <i class=\"down flaticon-download-arrow\"><\/i><i class=\"up flaticon-up-arrow\"><\/i><\/span>\r\n\t\t\t\t<div class=\"acc-content\">\r\n\t\t\t\t\t<strong>En este filtro podr\u00e1s especificar qu\u00e9 tipo de recursos necesitas para apoyar la implementaci\u00f3n de los ODS en diversos contextos; ya sean nacionales, locales, internacionales, de informaci\u00f3n general sobre los ODS y herramientas accionables<\/strong>\n<ul>\n \t<li style=\"list-style-type: none;\">\n<ul>\n \t<li><strong>Estrategias Pa\u00eds: <\/strong>Las Estrategias Pa\u00eds son planes y enfoques elaborados pa\u00edses la implementaci\u00f3n nacional de los Objetivos de Desarrollo Sostenible (ODS. Estas herramientas buscan adaptar los ODS a las realidades y desaf\u00edos espec\u00edficos de cada pa\u00eds, promoviendo su integraci\u00f3n en pol\u00edticas, programas y proyectos a nivel nacional.<\/li>\n \t<li><strong>Herramientas Accionables: <\/strong>El Conocimiento Accionable se refiere a materiales y recursos que no solo proporcionan informaci\u00f3n te\u00f3rica, sino que tambi\u00e9n ofrecen orientaci\u00f3n pr\u00e1ctica y aplicable sobre c\u00f3mo localizar y aplicar los Objetivos de Desarrollo Sostenible (ODS) en contextos concretos. Estos materiales pueden incluir gu\u00edas, manuales, estudios de casos, herramientas y ejemplos concretos que permiten a las organizaciones y fundaciones filantr\u00f3picas tomar medidas efectivas para integrar los ODS en sus proyectos y programas.<\/li>\n \t<li><strong>Informaci\u00f3n General ODS: <\/strong>Aqu\u00ed se recopila informaci\u00f3n esencial y general sobre los Objetivos de Desarrollo Sostenible (ODS). Esto puede incluir una visi\u00f3n general de los 17 ODS, sus objetivos espec\u00edficos, indicadores clave y el contexto global de la Agenda 2030 y la importancia de los ODS en la promoci\u00f3n del desarrollo sostenible a nivel mundial. \u00a0Esta informaci\u00f3n incluye descripciones claras de cada objetivo, sus metas espec\u00edficas y los indicadores utilizados para medir el progreso hacia su logro. Esta clasificaci\u00f3n es \u00fatil para quienes no conocen la Agenda 2030 y buscan comprender los fundamentos de los ODS.<\/li>\n \t<li><strong>Estrategia Internacional:<\/strong> Las Estrategias Internacionales sobre los ODS son recursos utilizados a nivel global que buscan coordinar y promover la implementaci\u00f3n de los Objetivos de Desarrollo Sostenible (ODS) en todo el mundo. Estas estrategias pueden ser establecidas por organizaciones internacionales, como las Naciones Unidas y sus agencias, y buscan fomentar la colaboraci\u00f3n entre pa\u00edses, compartir mejores pr\u00e1cticas, movilizar financiamiento y recursos, y abordar desaf\u00edos transfronterizos que afectan el desarrollo sostenible.<\/li>\n \t<li><strong>Estrategia Local: <\/strong>Las Estrategias Locales son planes y enfoques dise\u00f1ados por comunidades y territorios espec\u00edficos para la implementaci\u00f3n de los Objetivos de Desarrollo Sostenible (ODS) en sus contextos particulares. Estas estrategias se adaptan a las necesidades, recursos y din\u00e1micas locales, y buscan promover la participaci\u00f3n activa de la sociedad civil, gobiernos locales y otras partes interesadas en la realizaci\u00f3n de los ODS a nivel comunitario.<\/li>\n<\/ul>\n<\/li>\n<\/ul>\t\t\t\t<\/div>\r\n\t\t\t<\/div>\r\n\t\t\t\t\t\t<div class=\"acc-item\">\r\n\t\t\t\t<span class=\"acc-toggle\">Tipo de fuente  <i class=\"down flaticon-download-arrow\"><\/i><i class=\"up flaticon-up-arrow\"><\/i><\/span>\r\n\t\t\t\t<div class=\"acc-content\">\r\n\t\t\t\t\t<p><strong>En este filtro podr\u00e1s seleccionar la categor\u00eda a la que pertenece la entidad autora de la herramienta, facilitando la b\u00fasqueda de recursos y colaboradores espec\u00edficos seg\u00fan su naturaleza, ya sea fundaciones, gobiernos, empresas, ONGs u otras entidades.<\/strong><\/p><ul><li style=\"list-style-type: none;\"><ul><li><strong>Fundaci\u00f3n Territorial:<\/strong> Fundaci\u00f3n que opera espec\u00edficamente en una regi\u00f3n geogr\u00e1fica determinada, centrada en el desarrollo local y la promoci\u00f3n de los ODS en esa \u00e1rea.<\/li><li><strong>Fundaci\u00f3n donante:<\/strong> Organizaci\u00f3n que proporciona fondos financieros y otros recursos a proyectos y programas que trabajan en la implementaci\u00f3n de los ODS.<\/li><li><strong>Fundaci\u00f3n ejecutora no territorial:<\/strong> Fundaci\u00f3n que trabaja en proyectos y programas relacionados con los ODS, pero no limitados a un territorio geogr\u00e1fico espec\u00edfico.<\/li><li><strong>Fundaci\u00f3n mixta:<\/strong> Fundaci\u00f3n que combina elementos de financiamiento y ejecuci\u00f3n de proyectos relacionados con los ODS.<\/li><li><strong>ONG ejecutora:<\/strong> Organizaci\u00f3n no gubernamental que implementa proyectos y programas para promover los ODS y el desarrollo sostenible.<\/li><li><strong>Multilateral no ONU:<\/strong> Organizaci\u00f3n internacional que no forma parte del sistema de las Naciones Unidas pero que trabaja en colaboraci\u00f3n con varios pa\u00edses y actores para abordar los ODS.<\/li><li><strong>Sistema de Naciones Unidas:<\/strong> Conjunto de organizaciones y programas de la ONU que trabajan en la promoci\u00f3n y el logro de los Objetivos de Desarrollo Sostenible.<\/li><li><strong>Gobierno nacional:<\/strong> Gobierno a nivel de un pa\u00eds que se compromete a implementar pol\u00edticas y programas relacionados con los ODS.<\/li><li><strong>Gobierno regional:<\/strong> Gobierno de una regi\u00f3n espec\u00edfica dentro de un pa\u00eds, que puede jugar un papel importante en la implementaci\u00f3n de los ODS a nivel regional.<\/li><li><strong>Gobierno local:<\/strong> Gobierno de una ciudad o municipio que trabaja en la implementaci\u00f3n de los ODS a nivel local.<\/li><li><strong>Empresa<\/strong>: Empresas privadas que pueden contribuir a la implementaci\u00f3n de los ODS a trav\u00e9s de pr\u00e1cticas sostenibles, responsabilidad social corporativa y proyectos espec\u00edficos.<\/li><li><strong>Academia:<\/strong> Instituciones educativas y de investigaci\u00f3n que pueden contribuir al conocimiento, la investigaci\u00f3n y la educaci\u00f3n relacionados con los ODS.<\/li><li><strong>Entidad de apoyo a filantrop\u00eda:<\/strong> Organizaciones que brindan apoyo t\u00e9cnico y financiero a fundaciones y donantes para que puedan contribuir efectivamente a los ODS.<\/li><\/ul><\/li><\/ul>\t\t\t\t<\/div>\r\n\t\t\t<\/div>\r\n\t\t\t\t\t\t<div class=\"acc-item\">\r\n\t\t\t\t<span class=\"acc-toggle\">Tipo herramienta  <i class=\"down flaticon-download-arrow\"><\/i><i class=\"up flaticon-up-arrow\"><\/i><\/span>\r\n\t\t\t\t<div class=\"acc-content\">\r\n\t\t\t\t\t<p><strong>Con este filtro podr\u00e1s seleccionar el formato o la naturaleza de la herramienta que desean encontrar para trabajar en proyectos relacionados con los Objetivos de Desarrollo Sostenible (ODS).<\/strong><\/p><ul><li style=\"list-style-type: none;\"><ul><li><strong>Gu\u00eda<\/strong>: Documento instructivo que proporciona pasos o consejos pr\u00e1cticos sobre c\u00f3mo abordar temas relacionados con los Objetivos de Desarrollo Sostenible (ODS).<\/li><li><strong>Multimedia<\/strong>: Recursos visuales y auditivos, como videos, infograf\u00edas y presentaciones, que comunican informaci\u00f3n y conceptos sobre los ODS de manera efectiva.<\/li><li><strong>P\u00e1gina Web:<\/strong> Sitio en l\u00ednea que ofrece informaci\u00f3n, recursos, y enlaces relacionados con los ODS, facilitando el acceso a una variedad de materiales y fuentes.<\/li><li><strong>Art\u00edculo Acad\u00e9mico<\/strong>: Texto escrito por expertos en el campo de desarrollo sostenible que aborda aspectos espec\u00edficos de los ODS, respaldado por investigaci\u00f3n y an\u00e1lisis acad\u00e9mico.<\/li><li><strong>Informe<\/strong>: Documento que presenta datos, hallazgos y an\u00e1lisis sobre el progreso hacia la consecuci\u00f3n de los ODS, proporcionando una visi\u00f3n general de la situaci\u00f3n actual.<\/li><\/ul><\/li><\/ul>\t\t\t\t<\/div>\r\n\t\t\t<\/div>\r\n\t\t\t\t\t\t<div class=\"acc-item\">\r\n\t\t\t\t<span class=\"acc-toggle\">Paquetes de Recursos <i class=\"down flaticon-download-arrow\"><\/i><i class=\"up flaticon-up-arrow\"><\/i><\/span>\r\n\t\t\t\t<div class=\"acc-content\">\r\n\t\t\t\t\tEn esta p\u00e1gina web encontraras una repisa y un motor de b\u00fasqueda. En caso de que no tengas clara la herramienta que estas buscando puedes ir a nuestra secci\u00f3n de \u201cPaquetes de Recursos\u201d a buscar espec\u00edficamente las tareas o herramientas seg\u00fan preguntas.\t\t\t\t<\/div>\r\n\t\t\t<\/div>\r\n\t\t\t\t    <\/div>\r\n\r\n\t    \t\t<\/div>\n\t\t\t\t<\/div>\n\t\t\t\t<div class=\"elementor-element elementor-element-4b22545 elementor-widget elementor-widget-spacer\" data-id=\"4b22545\" data-element_type=\"widget\" data-widget_type=\"spacer.default\">\n\t\t\t\t<div class=\"elementor-widget-container\">\n\t\t\t\t\t<div class=\"elementor-spacer\">\n\t\t\t<div class=\"elementor-spacer-inner\"><\/div>\n\t\t<\/div>\n\t\t\t\t<\/div>\n\t\t\t\t<\/div>\n\t\t\t\t\t<\/div>\n\t\t<\/div>\n\t\t\t\t\t\t\t<\/div>\n\t\t<\/section>\n\t\t\t\t\t\t\t<\/div>\n\t\t","protected":false},"excerpt":{"rendered":"<p>\/\/ GLOSARIO Repositorio de herramientas de Objetivos de Desarrollo Sostenible (ODS) para la filantrop\u00eda. Acciones En la secci\u00f3n \u00abAcciones\u00bb de nuestra p\u00e1gina web, descubrir\u00e1s una amplia gama de actividades esenciales para impulsar la Agenda 2030 de manera efectiva en tu organizaci\u00f3n. Entre ellas se encuentran acciones de adopci\u00f3n interna de la Agenda 2030 (diagnosticar, planear, implementar y comunicar); promoci\u00f3n de [&hellip;]<\/p>\n","protected":false},"author":2,"featured_media":0,"parent":0,"menu_order":0,"comment_status":"closed","ping_status":"closed","template":"","meta":{"footnotes":""},"_links":{"self":[{"href":"https:\/\/ods.uai.cl\/es\/wp-json\/wp\/v2\/pages\/6729"}],"collection":[{"href":"https:\/\/ods.uai.cl\/es\/wp-json\/wp\/v2\/pages"}],"about":[{"href":"https:\/\/ods.uai.cl\/es\/wp-json\/wp\/v2\/types\/page"}],"author":[{"embeddable":true,"href":"https:\/\/ods.uai.cl\/es\/wp-json\/wp\/v2\/users\/2"}],"replies":[{"embeddable":true,"href":"https:\/\/ods.uai.cl\/es\/wp-json\/wp\/v2\/comments?post=6729"}],"version-history":[{"count":5,"href":"https:\/\/ods.uai.cl\/es\/wp-json\/wp\/v2\/pages\/6729\/revisions"}],"predecessor-version":[{"id":7150,"href":"https:\/\/ods.uai.cl\/es\/wp-json\/wp\/v2\/pages\/6729\/revisions\/7150"}],"wp:attachment":[{"href":"https:\/\/ods.uai.cl\/es\/wp-json\/wp\/v2\/media?parent=6729"}],"curies":[{"name":"wp","href":"https:\/\/api.w.org\/{rel}","templated":true}]}}